{"id":74,"date":"2014-04-04T16:49:43","date_gmt":"2014-04-04T14:49:43","guid":{"rendered":"http:\/\/galjavranesevic.com\/wp\/?page_id=74"},"modified":"2026-03-22T01:13:51","modified_gmt":"2026-03-21T23:13:51","slug":"kurse-einzelstunden","status":"publish","type":"page","link":"http:\/\/galjavranesevic.com\/?page_id=74","title":{"rendered":"Unterricht"},"content":{"rendered":"<h2>Spezialangebot M\u00e4rz 2026<\/h2>\n<p>Vedische Astrologie Online Sitzungen 45\u20ac f\u00fcr 45 Minuten. Weitere Informationen und Anmeldung unter <a href=\"mailto:galjavranesevic@gmail.com\">galjavranesevic@gmail.com<\/a><\/p>\n<h2><strong>Stage Training<\/strong><\/h2>\n<p>Die Auftrittstraining- und B\u00fchnen-Pr\u00e4senz Sitzungen f\u00fcr Musiker, Instrumentalisten und S\u00e4nger sind einer Art Coaching f\u00fcr Kinder, Jugendliche und Erwachsene. <span style=\"font-weight: 400;\">Das Auftrittstraining beinhaltet den Umgang mit Lampenfieber und Konzentration, sowie die B\u00fchnenpr\u00e4senz und Verbesserung der K\u00f6rperhaltung. Diese Art der Arbeit hat sich als sehr unterst\u00fctzend und best\u00e4rkend f\u00fcr die j\u00fcngere und auch erfahrene Musiker bew\u00e4hrt. Die Sitzungen finden in Bergisch Gladbach oder K\u00f6ln statt.\u00a0<\/span><\/p>\n<h2><strong>Healing Sessions\u00a0<\/strong><\/h2>\n<p><span style=\"font-weight: 400;\">In diesen Pr\u00e4senz-Sitzungen, integriere ich meine ganze Werkzeugkiste, um Dich auf Deinem einzigartigen Weg zu Dir selbst zu unterst\u00fctzen.\u00a0\u00a0<\/span><\/p>\n<p><span style=\"font-weight: 400;\">Bevor wir uns zusammentreffen, schaue ich mir die planetarische Position und die Energien an, die im Spiel sein k\u00f6nnten. So kann ich mich schon auf die Sitzung \u201ceintunen\u201d.\u00a0<\/span><span style=\"font-weight: 400;\">Je nachdem welche Bed\u00fcrfnisse und Themen Du mitbringst, werde ich neben meinem Wissen aus Yoga, Ayurveda, Energie-Anatomie, Chakren, Energiekan\u00e4len, unterschiedlichen Klopf- und Akupressurtechniken auch Licht-Codes einsetzen. <\/span><span style=\"font-weight: 400;\">Auf Wunsch, g\u00e4be es die M\u00f6glichkeit am Ende einer Sitzung, die Terahertz Heilung zu bekommen. Dazu kann ich Dir im Vorfeld pers\u00f6nlich mehr erz\u00e4hlen.<\/span><\/p>\n<p><span style=\"font-weight: 400;\">Meine pers\u00f6nliche Empfindung sagt mir, dass diese ganzheitlichen und vielschichtigen Sitzungen Dich an Deine Multidimensionalit\u00e4t erinnern, sodass Du mit einem neu gewonnenen Ansatz der Integration mit Deiner Energie umgehen kannst.\u00a0<\/span><\/p>\n<p><span style=\"font-weight: 400;\">Die Sitzungen finden im Zentrum f\u00fcr K\u00f6rper- und Pers\u00f6nlichkeitsarbeit, am Ebertplatz 9 in K\u00f6ln statt.<\/span><\/p>\n<p><span style=\"font-weight: 400;\">Falls Du Interesse daran hast, melde Dich rechtzeitig bei mir, da ich mir die Termine sehr bewusst energetisch und astrologisch ausw\u00e4hle.\u00a0<\/span><\/p>\n<h3><strong>Ganzheitliches Yoga Coaching\u00a0 \u00a0 \u00a0 \u00a0 \u00a0 \u00a0 \u00a0 \u00a0 \u00a0 \u00a0 \u00a0 \u00a0 \u00a0 \u00a0 \u00a0 \u00a0 \u00a0 \u00a0 \u00a0 \u00a0 \u00a0 \u00a0 \u00a0 \u00a0 \u00a0 \u00a0 \u00a0 \u00a0 \u00a0 \u00a0 \u00a0 \u00a0 \u00a0 \u00a0 \u00a0 \u00a0 \u00a0 \u00a0 \u00a0 \u00a0 \u00a0 \u00a0 \u00a0 \u00a0 \u00a0 \u00a0 \u00a0 \u00a0 \u00a0 \u00a0 \u00a0 \u00a0 \u00a0 \u00a0 \u00a0 \u00a0 \u00a0 \u00a0 \u00a0 \u00a0 \u00a0<\/strong><\/h3>\n<p>Eine Einzelsitzung wird nach den individuellen Bed\u00fcrfnissen und pers\u00f6nlichen W\u00fcnschen gestaltet. Neben der f\u00fcr dich ma\u00dfgeschneiderten Yoga Praxis, gibt es die M\u00f6glichkeit andere Heilungsmodule, wie z.B. Akupressur, Klopfen, EFT und \u00e4therische \u00d6le anzuwenden. Falls erw\u00fcnscht, integriere ich Ern\u00e4hrungs- und Lebensstil Empfehlungen aus dem Ayurveda. Erg\u00e4nzt wird dies durch moderne Ern\u00e4hrungseinsichten.<\/p>\n<p>Diese Art der Sitzung eignet sich f\u00fcr alle die sich nicht nur k\u00f6rperlich besser f\u00fchlen m\u00f6chten, sondern die Tiefe und Multidimensionalit\u00e4t der Heilung erfahren m\u00f6chten.<\/p>\n<p>Du bist es wert. Mach den ersten Schritt und entfalte dein Potential!<\/p>\n<p>Die Sitzungen sind vor Ort in K\u00f6ln, sowie Online m\u00f6glich.<\/p>\n<p>&nbsp;<\/p>\n","protected":false},"excerpt":{"rendered":"<p>Spezialangebot M\u00e4rz 2026 Vedische Astrologie Online Sitzungen 45\u20ac f\u00fcr 45 Minuten. Weitere Informationen und Anmeldung unter galjavranesevic@gmail.com Stage Training Die Auftrittstraining- und B\u00fchnen-Pr\u00e4senz Sitzungen f\u00fcr Musiker, Instrumentalisten und S\u00e4nger sind <a href=\"http:\/\/galjavranesevic.com\/?page_id=74\" class=\"more-link\">[&hellip;]<\/a><\/p>\n","protected":false},"author":1,"featured_media":164,"parent":0,"menu_order":0,"comment_status":"closed","ping_status":"closed","template":"","meta":{"Layout":""},"wps_subtitle":"","_links":{"self":[{"href":"http:\/\/galjavranesevic.com\/index.php?rest_route=\/wp\/v2\/pages\/74"}],"collection":[{"href":"http:\/\/galjavranesevic.com\/index.php?rest_route=\/wp\/v2\/pages"}],"about":[{"href":"http:\/\/galjavranesevic.com\/index.php?rest_route=\/wp\/v2\/types\/page"}],"author":[{"embeddable":true,"href":"http:\/\/galjavranesevic.com\/index.php?rest_route=\/wp\/v2\/users\/1"}],"replies":[{"embeddable":true,"href":"http:\/\/galjavranesevic.com\/index.php?rest_route=%2Fwp%2Fv2%2Fcomments&post=74"}],"version-history":[{"count":82,"href":"http:\/\/galjavranesevic.com\/index.php?rest_route=\/wp\/v2\/pages\/74\/revisions"}],"predecessor-version":[{"id":2032,"href":"http:\/\/galjavranesevic.com\/index.php?rest_route=\/wp\/v2\/pages\/74\/revisions\/2032"}],"wp:featuredmedia":[{"embeddable":true,"href":"http:\/\/galjavranesevic.com\/index.php?rest_route=\/wp\/v2\/media\/164"}],"wp:attachment":[{"href":"http:\/\/galjavranesevic.com\/index.php?rest_route=%2Fwp%2Fv2%2Fmedia&parent=74"}],"curies":[{"name":"wp","href":"https:\/\/api.w.org\/{rel}","templated":true}]}}