{"id":2,"date":"2014-01-13T12:15:46","date_gmt":"2014-01-13T12:15:46","guid":{"rendered":"http:\/\/galjavranesevic.com\/wp\/?page_id=2"},"modified":"2025-10-08T15:24:27","modified_gmt":"2025-10-08T13:24:27","slug":"beispiel-seite","status":"publish","type":"page","link":"http:\/\/galjavranesevic.com\/","title":{"rendered":"Galja Vranesevic"},"content":{"rendered":"<p>Deutschlandweit, aber auch international leitet Galja Workshops und Retreats, sowie Fortbildungen im Bereich Vinyasa Yoga. In ihrem dynamischen Unterricht geht sie auf die Bed\u00fcrfnisse der Gruppe ein und integriert unterschiedliche spirituelle und mystische Traditionen, wie Ayurveda, Tantra und Kundalini Yoga. Leidenschaftlich widmet sie sich der Chakralehre und der Arbeit am Energiek\u00f6rper, diese metaphysischen Konzepte in Verbindung mit der Asanapraxis f\u00f6rdern die Erfahrung den K\u00f6rper als Einheit mit Geist und Seele zu erleben.<\/p>\n<p>Ein Schwerpunkt in Galjas Arbeit ist die Idee des unbegrenzten Potentials, welches jeder in sich tr\u00e4gt. Das Potential, das nicht nur zu unserer eigenen Heilung f\u00fchrt, sondern auch auf globaler Ebene. Sie vermittelt ihren Sch\u00fclern die Einheit jedes Einzelnen mit dem gro\u00dfen Ganzen.<\/p>\n<p>&nbsp;<\/p>\n<p><strong>\u201cLove the animals, love the plants, love everything. If you love everything, you will perceive the divine mystery in things. Once you perceive it, you will begin to comprehend it better every day. And you will come at last to love the whole world with an all-embracing love.\u201d\u00a0 <\/strong><em>Fjodor Dostojewski<\/em><\/p>\n<p>&nbsp;<\/p>\n<p>&nbsp;<\/p>\n","protected":false},"excerpt":{"rendered":"<p>Deutschlandweit, aber auch international leitet Galja Workshops und Retreats, sowie Fortbildungen im Bereich Vinyasa Yoga. In ihrem dynamischen Unterricht geht sie auf die Bed\u00fcrfnisse der Gruppe ein und integriert unterschiedliche <a href=\"http:\/\/galjavranesevic.com\/\" class=\"more-link\">[&hellip;]<\/a><\/p>\n","protected":false},"author":1,"featured_media":128,"parent":0,"menu_order":0,"comment_status":"closed","ping_status":"closed","template":"","meta":{"Layout":""},"wps_subtitle":"Yoga Qigong Ayurveda ","_links":{"self":[{"href":"http:\/\/galjavranesevic.com\/index.php?rest_route=\/wp\/v2\/pages\/2"}],"collection":[{"href":"http:\/\/galjavranesevic.com\/index.php?rest_route=\/wp\/v2\/pages"}],"about":[{"href":"http:\/\/galjavranesevic.com\/index.php?rest_route=\/wp\/v2\/types\/page"}],"author":[{"embeddable":true,"href":"http:\/\/galjavranesevic.com\/index.php?rest_route=\/wp\/v2\/users\/1"}],"replies":[{"embeddable":true,"href":"http:\/\/galjavranesevic.com\/index.php?rest_route=%2Fwp%2Fv2%2Fcomments&post=2"}],"version-history":[{"count":21,"href":"http:\/\/galjavranesevic.com\/index.php?rest_route=\/wp\/v2\/pages\/2\/revisions"}],"predecessor-version":[{"id":2012,"href":"http:\/\/galjavranesevic.com\/index.php?rest_route=\/wp\/v2\/pages\/2\/revisions\/2012"}],"wp:featuredmedia":[{"embeddable":true,"href":"http:\/\/galjavranesevic.com\/index.php?rest_route=\/wp\/v2\/media\/128"}],"wp:attachment":[{"href":"http:\/\/galjavranesevic.com\/index.php?rest_route=%2Fwp%2Fv2%2Fmedia&parent=2"}],"curies":[{"name":"wp","href":"https:\/\/api.w.org\/{rel}","templated":true}]}}